{"id":266,"date":"2018-10-16T11:30:22","date_gmt":"2018-10-16T09:30:22","guid":{"rendered":"http:\/\/sia.a108340f.sagross.zone\/?page_id=266"},"modified":"2018-11-26T10:58:22","modified_gmt":"2018-11-26T09:58:22","slug":"impressum","status":"publish","type":"page","link":"http:\/\/sia-academy.de\/en\/impressum\/","title":{"rendered":"Legal notice"},"content":{"rendered":"<div id=\"pl-266\"  class=\"panel-layout\" ><div id=\"pg-266-0\"  class=\"panel-grid panel-no-style\" ><div id=\"pgc-266-0-0\"  class=\"panel-grid-cell\" ><div id=\"panel-266-0-0-0\" class=\"so-panel widget widget_sow-editor panel-first-child panel-last-child widgetopts-SO\" data-index=\"0\" ><div\n\t\t\t\n\t\t\tclass=\"so-widget-sow-editor so-widget-sow-editor-base\"\n\t\t\t\n\t\t>\n<div class=\"siteorigin-widget-tinymce textwidget\">\n\t<p><a href=\"\/en\/datenschutz\/\" target=\"_blank\" rel=\"noopener\">Hier gelangen Sie zum Datenschutz<\/a><\/p>\n<h1>Legal notice<\/h1>\n<p>Kontakt zu der<\/p>\n<p><strong>SiA-Academy:<\/strong><br \/>\nSiA UG &amp; Co.KG (haftungsbeschr\u00e4nkt)<br \/>\nSmart industrial Academy<br \/>\nAkazienstr. 9<br \/>\n16356 Werneuchen OT Seefeld, Germany<\/p>\n<p><strong>Gesch\u00e4ftsf\u00fchrende Gesellschafter:<\/strong><br \/>\nDr. Dipl.-Ing. Shufani<br \/>\nJhony Khoury<\/p>\n<p>Tel. +49 (0) 33398 25 40 25<br \/>\ninfo@sia-academy.de<br \/>\nwww.sia-academy.de<\/p>\n<p>Handelsregister-Nummer HRA 3636 FF<\/p>\n<p>&nbsp;<\/p>\n<h3>Disclaimer (Haftungsausschluss)<\/h3>\n<p><strong>1. Inhalt des Onlineangebotes<\/strong> \u2013 Die SiA UG &amp; Co.KG (haftungsbeschr\u00e4nkt) \u00fcbernimmt keinerlei Gew\u00e4hr f\u00fcr die Aktualit\u00e4t, Korrektheit, Vollst\u00e4ndigkeit oder Qualit\u00e4t der bereitgestellten Informationen. Haftungsanspr\u00fcche gegen die Kanzlei, welche sich auf Sch\u00e4den materieller oder ideeller Art beziehen, die durch die Nutzung oder Nichtnutzung der dargebotenen Informationen bzw. durch die Nutzung fehlerhafter und unvollst\u00e4ndiger Informationen verursacht wurden, sind grunds\u00e4tzlich ausgeschlossen, sofern seitens der Kanzlei bzw. des Autors kein nachweislich vors\u00e4tzliches oder grob fahrl\u00e4ssiges Verschulden vorliegt. Alle Angebote sind freibleibend und unverbindlich. Die SiA UG &amp; Co.KG beh\u00e4lt es sich ausdr\u00fccklich vor, Teile der Seiten oder das gesamte Angebot ohne gesonderte Ank\u00fcndigung zu ver\u00e4ndern, zu erg\u00e4nzen, zu l\u00f6schen oder die Ver\u00f6ffentlichung zeitweise oder endg\u00fcltig einzustellen.<\/p>\n<p>&nbsp;<\/p>\n<p><strong>2. Verweise und Links<\/strong> \u2013 Bei direkten oder indirekten Verweisen auf fremde Webseiten (\u201eHyperlinks\u201c), die au\u00dferhalb des Verantwortungsbereiches der SiA UG &amp; Co.KG liegen, w\u00fcrde eine Haftungsverpflichtung ausschlie\u00dflich in dem Fall in Kraft treten, in dem die Autoren von den Inhalten Kenntnis haben und es ihnen technisch m\u00f6glich und zumutbar w\u00e4re, die Nutzung im Falle rechtswidriger Inhalte zu verhindern.<br \/>\nDie Autoren erkl\u00e4ren hiermit ausdr\u00fccklich, dass zum Zeitpunkt der Linksetzung keine illegalen Inhalte auf den zu verlinkenden Seiten erkennbar waren. Auf die aktuelle und zuk\u00fcnftige Gestaltung, die Inhalte oder die Urheberschaft der verlinkten Seiten hat die SiA UG &amp; Co.KG keinerlei Einfluss und distanziert sich daher hiermit ausdr\u00fccklich von allen Inhalten aller verlinkten Seiten, die nach der Linksetzung ver\u00e4ndert wurden. Diese Feststellung gilt f\u00fcr alle innerhalb des eigenen Internetangebotes gesetzten Links und Verweise. F\u00fcr illegale, fehlerhafte oder unvollst\u00e4ndige Inhalte und insbesondere f\u00fcr Sch\u00e4den, die aus der Nutzung oder Nichtnutzung solcherart dargebotener Informationen entstehen, haftet allein der Anbieter der Seite, auf welche verwiesen wurde, nicht derjenige, der \u00fcber Links auf die jeweilige Ver\u00f6ffentlichung lediglich verweist.<\/p>\n<p>&nbsp;<\/p>\n<p><strong>3. Urheber- und Kennzeichenrecht<\/strong> \u2013 Die SiA UG &amp; Co.KG ist bestrebt, in allen Publikationen die Urheberrechte der verwendeten Bilder, Grafiken, Tondokumente, Videosequenzen und Texte zu beachten, von ihr selbst erstellte Bilder, Grafiken, Tondokumente, Videosequenzen und Texte zu nutzen oder auf lizenzfreie Grafiken, Tondokumente, Videosequenzen und Texte zur\u00fcckzugreifen.<br \/>\nAlle innerhalb des Internetangebotes genannten und ggf. durch Dritte gesch\u00fctzten Marken- und Warenzeichen unterliegen uneingeschr\u00e4nkt den Bestimmungen des jeweils g\u00fcltigen Kennzeichenrechts und den Besitzrechten der jeweiligen eingetragenen Eigent\u00fcmer. Allein aufgrund der blo\u00dfen Nennung ist nicht der Schluss zu ziehen, dass Markenzeichen nicht durch Rechte Dritter gesch\u00fctzt sind.<\/p>\n<p>&nbsp;<\/p>\n<p><strong>4. Das Copyright<\/strong> f\u00fcr ver\u00f6ffentlichte, von der SiA UG &amp; Co.KG selbst erstellte Objekte bleibt allein bei den Autoren der Seiten. Eine Vervielf\u00e4ltigung oder Verwendung solcher Grafiken, Tondokumente, Videosequenzen und Texte in anderen elektronischen oder gedruckten Publikationen ist ohne ausdr\u00fcckliche Zustimmung der SiA UG &amp; Co.KG nicht gestattet.<\/p>\n<p>&nbsp;<\/p>\n<p><strong>5. Datenschutz<\/strong> \u2013 Die Nutzung der im Rahmen des Impressums oder vergleichbarer Angaben ver\u00f6ffentlichten Kontaktdaten wie Postanschriften, Telefon- und Faxnummern sowie E-Mail-Adressen durch Dritte zur \u00dcbersendung von nicht ausdr\u00fccklich angeforderten Informationen ist nicht gestattet. Rechtliche Schritte gegen die Versender von sogenannten Spam-Mails bei Verst\u00f6\u00dfen gegen dieses Verbot sind ausdr\u00fccklich vorbehalten.<\/p>\n<p>&nbsp;<\/p>\n<p><strong>6. Rechtswirksamkeit dieses Haftungsausschlusses<\/strong> \u2013 Dieser Haftungsausschluss ist als Teil des Internetangebotes www.sia-academy.de zu betrachten. Sofern Teile oder einzelne Formulierungen dieses Textes der geltenden Rechtslage nicht, nicht mehr oder nicht vollst\u00e4ndig entsprechen sollten, bleiben die \u00fcbrigen Teile des Dokumentes in ihrem Inhalt und ihrer G\u00fcltigkeit davon unber\u00fchrt.<\/p>\n<p>&nbsp;<\/p>\n<p><strong>Layout und Umsetzung<\/strong> - <a href=\"http:\/\/www.sagross.de\/\" target=\"_blank\" rel=\"noopener\"><strong>SAGROSS | DESIGN<\/strong>OFFICE<\/a><\/p>\n<\/div>\n<\/div><\/div><\/div><\/div><\/div>","protected":false},"excerpt":{"rendered":"<p>Hier gelangen Sie zum Datenschutz Impressum Kontakt zu der SiA-Academy: SiA UG &amp; Co.KG (haftungsbeschr\u00e4nkt) Smart industrial Academy Akazienstr. 9 16356 Werneuchen OT Seefeld Gesch\u00e4ftsf\u00fchrende Gesellschafter: Dr. Dipl.-Ing. Shufani Jhony Khoury Tel. +49 (0) 33398 25 40 25 info@sia-academy.de www.sia-academy.de <span class=\"excerpt-dots\">&hellip;<\/span> <a class=\"more-link\" href=\"http:\/\/sia-academy.de\/en\/impressum\/\"><span class=\"more-msg\">Continue reading &rarr;<\/span><\/a><\/p>","protected":false},"author":1,"featured_media":0,"parent":0,"menu_order":0,"comment_status":"closed","ping_status":"open","template":"","meta":{"inline_featured_image":false},"_links":{"self":[{"href":"http:\/\/sia-academy.de\/en\/wp-json\/wp\/v2\/pages\/266"}],"collection":[{"href":"http:\/\/sia-academy.de\/en\/wp-json\/wp\/v2\/pages"}],"about":[{"href":"http:\/\/sia-academy.de\/en\/wp-json\/wp\/v2\/types\/page"}],"author":[{"embeddable":true,"href":"http:\/\/sia-academy.de\/en\/wp-json\/wp\/v2\/users\/1"}],"replies":[{"embeddable":true,"href":"http:\/\/sia-academy.de\/en\/wp-json\/wp\/v2\/comments?post=266"}],"version-history":[{"count":10,"href":"http:\/\/sia-academy.de\/en\/wp-json\/wp\/v2\/pages\/266\/revisions"}],"predecessor-version":[{"id":335,"href":"http:\/\/sia-academy.de\/en\/wp-json\/wp\/v2\/pages\/266\/revisions\/335"}],"wp:attachment":[{"href":"http:\/\/sia-academy.de\/en\/wp-json\/wp\/v2\/media?parent=266"}],"curies":[{"name":"wp","href":"https:\/\/api.w.org\/{rel}","templated":true}]}}